{"id":8822,"date":"2024-07-04T07:52:51","date_gmt":"2024-07-04T07:52:51","guid":{"rendered":"https:\/\/www.coopsalelles.com\/mais\/"},"modified":"2024-07-21T20:08:10","modified_gmt":"2024-07-21T20:08:10","slug":"vend-du-mais-en-grain-en-espagne","status":"publish","type":"page","link":"https:\/\/www.coopsalelles.com\/fr\/vend-du-mais-en-grain-en-espagne\/","title":{"rendered":"Ma\u00efs"},"content":{"rendered":"\t\t<div data-elementor-type=\"wp-page\" data-elementor-id=\"8822\" class=\"elementor elementor-8822 elementor-8574\">\n\t\t\t\t\t\t<section class=\"elementor-section elementor-top-section elementor-element elementor-element-4d275258 elementor-section-boxed elementor-section-height-default elementor-section-height-default\" data-id=\"4d275258\" data-element_type=\"section\">\n\t\t\t\t\t\t<div class=\"elementor-container elementor-column-gap-default\">\n\t\t\t\t\t<div class=\"elementor-column elementor-col-100 elementor-top-column elementor-element elementor-element-700cedc8\" data-id=\"700cedc8\" data-element_type=\"column\">\n\t\t\t<div class=\"elementor-widget-wrap elementor-element-populated\">\n\t\t\t\t\t\t<div class=\"elementor-element elementor-element-66676854 elementor-widget elementor-widget-heading\" data-id=\"66676854\" data-element_type=\"widget\" data-widget_type=\"heading.default\">\n\t\t\t\t<div class=\"elementor-widget-container\">\n\t\t\t<style>\/*! elementor - v3.23.0 - 15-07-2024 *\/\n.elementor-heading-title{padding:0;margin:0;line-height:1}.elementor-widget-heading .elementor-heading-title[class*=elementor-size-]>a{color:inherit;font-size:inherit;line-height:inherit}.elementor-widget-heading .elementor-heading-title.elementor-size-small{font-size:15px}.elementor-widget-heading .elementor-heading-title.elementor-size-medium{font-size:19px}.elementor-widget-heading .elementor-heading-title.elementor-size-large{font-size:29px}.elementor-widget-heading .elementor-heading-title.elementor-size-xl{font-size:39px}.elementor-widget-heading .elementor-heading-title.elementor-size-xxl{font-size:59px}<\/style><h2 class=\"elementor-heading-title elementor-size-default\">C\u00e9r\u00e9ales de ma\u00efs.\n<\/h2>\t\t<\/div>\n\t\t\t\t<\/div>\n\t\t\t\t<div class=\"elementor-element elementor-element-e2353aa elementor-widget elementor-widget-text-editor\" data-id=\"e2353aa\" data-element_type=\"widget\" data-widget_type=\"text-editor.default\">\n\t\t\t\t<div class=\"elementor-widget-container\">\n\t\t\t<style>\/*! elementor - v3.23.0 - 15-07-2024 *\/\n.elementor-widget-text-editor.elementor-drop-cap-view-stacked .elementor-drop-cap{background-color:#69727d;color:#fff}.elementor-widget-text-editor.elementor-drop-cap-view-framed .elementor-drop-cap{color:#69727d;border:3px solid;background-color:transparent}.elementor-widget-text-editor:not(.elementor-drop-cap-view-default) .elementor-drop-cap{margin-top:8px}.elementor-widget-text-editor:not(.elementor-drop-cap-view-default) .elementor-drop-cap-letter{width:1em;height:1em}.elementor-widget-text-editor .elementor-drop-cap{float:left;text-align:center;line-height:1;font-size:50px}.elementor-widget-text-editor .elementor-drop-cap-letter{display:inline-block}<\/style>\t\t\t\t<section class=\"elementor-section elementor-top-section elementor-element elementor-element-4eb5aff8 elementor-section-boxed elementor-section-height-default elementor-section-height-default\" data-id=\"4eb5aff8\" data-element_type=\"section\">\n<div class=\"elementor-container elementor-column-gap-default\">\n<div class=\"elementor-column elementor-col-100 elementor-top-column elementor-element elementor-element-67b16d6c\" data-id=\"67b16d6c\" data-element_type=\"column\">\n<div class=\"elementor-widget-wrap elementor-element-populated\">\n<div class=\"elementor-element elementor-element-55415ab elementor-widget elementor-widget-text-editor\" data-id=\"55415ab\" data-element_type=\"widget\" data-widget_type=\"text-editor.default\">\n<div class=\"elementor-widget-container\">\n<p>Le ma\u00efs a une teneur \u00e9lev\u00e9e en amidon, il est utilis\u00e9 principalement pour nourrir les oiseaux, les porcs et le b\u00e9tail, avec une valeur \u00e9nerg\u00e9tique \u00e9lev\u00e9e.<\/p>\n<\/div>\n<\/div>\n<\/div>\n<\/div>\n<\/div>\n<\/section>\n\t\t\t\t\t\t<\/div>\n\t\t\t\t<\/div>\n\t\t\t\t\t<\/div>\n\t\t<\/div>\n\t\t\t\t\t<\/div>\n\t\t<\/section>\n\t\t\t\t<section class=\"elementor-section elementor-top-section elementor-element elementor-element-7615694e elementor-section-content-middle elementor-section-boxed elementor-section-height-default elementor-section-height-default\" data-id=\"7615694e\" data-element_type=\"section\" data-settings=\"{&quot;background_background&quot;:&quot;classic&quot;}\">\n\t\t\t\t\t\t<div class=\"elementor-container elementor-column-gap-extended\">\n\t\t\t\t\t<div class=\"elementor-column elementor-col-50 elementor-top-column elementor-element elementor-element-27ec2618\" data-id=\"27ec2618\" data-element_type=\"column\">\n\t\t\t<div class=\"elementor-widget-wrap elementor-element-populated\">\n\t\t\t\t\t\t<div class=\"elementor-element elementor-element-347aff22 elementor-invisible elementor-widget elementor-widget-image\" data-id=\"347aff22\" data-element_type=\"widget\" data-settings=\"{&quot;_animation&quot;:&quot;fadeInLeft&quot;}\" data-widget_type=\"image.default\">\n\t\t\t\t<div class=\"elementor-widget-container\">\n\t\t\t<style>\/*! elementor - v3.23.0 - 15-07-2024 *\/\n.elementor-widget-image{text-align:center}.elementor-widget-image a{display:inline-block}.elementor-widget-image a img[src$=\".svg\"]{width:48px}.elementor-widget-image img{vertical-align:middle;display:inline-block}<\/style>\t\t\t\t\t\t\t\t\t\t<img fetchpriority=\"high\" decoding=\"async\" width=\"1024\" height=\"559\" src=\"https:\/\/www.coopsalelles.com\/wp-content\/uploads\/2024\/07\/maiz-granel-1024x559.jpg\" class=\"attachment-large size-large wp-image-8495\" alt=\"\" srcset=\"https:\/\/www.coopsalelles.com\/wp-content\/uploads\/2024\/07\/maiz-granel-1024x559.jpg 1024w, https:\/\/www.coopsalelles.com\/wp-content\/uploads\/2024\/07\/maiz-granel-300x164.jpg 300w, https:\/\/www.coopsalelles.com\/wp-content\/uploads\/2024\/07\/maiz-granel-768x419.jpg 768w, https:\/\/www.coopsalelles.com\/wp-content\/uploads\/2024\/07\/maiz-granel-1536x839.jpg 1536w, https:\/\/www.coopsalelles.com\/wp-content\/uploads\/2024\/07\/maiz-granel.jpg 1800w\" sizes=\"(max-width: 1024px) 100vw, 1024px\" \/>\t\t\t\t\t\t\t\t\t\t\t\t\t<\/div>\n\t\t\t\t<\/div>\n\t\t\t\t\t<\/div>\n\t\t<\/div>\n\t\t\t\t<div class=\"elementor-column elementor-col-50 elementor-top-column elementor-element elementor-element-1daaf2b3\" data-id=\"1daaf2b3\" data-element_type=\"column\" data-settings=\"{&quot;background_background&quot;:&quot;classic&quot;}\">\n\t\t\t<div class=\"elementor-widget-wrap elementor-element-populated\">\n\t\t\t\t\t\t<div class=\"elementor-element elementor-element-4ae1ceab elementor-widget elementor-widget-heading\" data-id=\"4ae1ceab\" data-element_type=\"widget\" data-widget_type=\"heading.default\">\n\t\t\t\t<div class=\"elementor-widget-container\">\n\t\t\t<h2 class=\"elementor-heading-title elementor-size-default\">Aliment de ma\u00efs personnalis\u00e9.<\/h2>\t\t<\/div>\n\t\t\t\t<\/div>\n\t\t\t\t<div class=\"elementor-element elementor-element-7fdbfbff elementor-widget elementor-widget-text-editor\" data-id=\"7fdbfbff\" data-element_type=\"widget\" data-widget_type=\"text-editor.default\">\n\t\t\t\t<div class=\"elementor-widget-container\">\n\t\t\t\t\t\t\t<p>La formule alimentaire peut \u00eatre adapt\u00e9e aux besoins de chaque exploitation. Les composants et ingr\u00e9dients, ainsi que les quantit\u00e9s du m\u00e9lange, peuvent \u00eatre modifi\u00e9s pour r\u00e9pondre aux besoins sp\u00e9cifiques du b\u00e9tail.<\/p>\n\t\t\t\t\t\t<\/div>\n\t\t\t\t<\/div>\n\t\t\t\t<div class=\"elementor-element elementor-element-683a2b16 elementor-widget elementor-widget-button\" data-id=\"683a2b16\" data-element_type=\"widget\" data-widget_type=\"button.default\">\n\t\t\t\t<div class=\"elementor-widget-container\">\n\t\t\t\t\t<div class=\"elementor-button-wrapper\">\n\t\t\t<a class=\"elementor-button elementor-button-link elementor-size-sm\" href=\"https:\/\/www.coopsalelles.com\/es\/contacto\/\">\n\t\t\t\t\t\t<span class=\"elementor-button-content-wrapper\">\n\t\t\t\t\t\t\t\t\t<span class=\"elementor-button-text\">Contact<\/span>\n\t\t\t\t\t<\/span>\n\t\t\t\t\t<\/a>\n\t\t<\/div>\n\t\t\t\t<\/div>\n\t\t\t\t<\/div>\n\t\t\t\t\t<\/div>\n\t\t<\/div>\n\t\t\t\t\t<\/div>\n\t\t<\/section>\n\t\t\t\t<section class=\"elementor-section elementor-top-section elementor-element elementor-element-4d7255ae elementor-section-boxed elementor-section-height-default elementor-section-height-default\" data-id=\"4d7255ae\" data-element_type=\"section\">\n\t\t\t\t\t\t<div class=\"elementor-container elementor-column-gap-default\">\n\t\t\t\t\t<div class=\"elementor-column elementor-col-100 elementor-top-column elementor-element elementor-element-2ba3b634\" data-id=\"2ba3b634\" data-element_type=\"column\">\n\t\t\t<div class=\"elementor-widget-wrap elementor-element-populated\">\n\t\t\t\t\t\t<div class=\"elementor-element elementor-element-5fcfedf6 elementor-widget elementor-widget-heading\" data-id=\"5fcfedf6\" data-element_type=\"widget\" data-widget_type=\"heading.default\">\n\t\t\t\t<div class=\"elementor-widget-container\">\n\t\t\t<h3 class=\"elementor-heading-title elementor-size-default\">Autres aliments pour animaux<\/h3>\t\t<\/div>\n\t\t\t\t<\/div>\n\t\t\t\t\t<\/div>\n\t\t<\/div>\n\t\t\t\t\t<\/div>\n\t\t<\/section>\n\t\t\t\t<section class=\"elementor-section elementor-top-section elementor-element elementor-element-7f12434f elementor-section-full_width elementor-section-height-default elementor-section-height-default\" data-id=\"7f12434f\" data-element_type=\"section\">\n\t\t\t\t\t\t<div class=\"elementor-container elementor-column-gap-default\">\n\t\t\t\t\t<div class=\"elementor-column elementor-col-100 elementor-top-column elementor-element elementor-element-325e0ac4\" data-id=\"325e0ac4\" data-element_type=\"column\">\n\t\t\t<div class=\"elementor-widget-wrap elementor-element-populated\">\n\t\t\t\t\t\t<div class=\"elementor-element elementor-element-7096c785 premium-adv-carousel__infinite premium-adv-carousel__horizontal elementor-widget elementor-widget-premium-media-wheel\" data-id=\"7096c785\" data-element_type=\"widget\" data-widget_type=\"premium-media-wheel.default\">\n\t\t\t\t<div class=\"elementor-widget-container\">\n\t\t\t\t\t<div class=\"premium-adv-carousel-no-lightbox premium-adv-carousel__container\" data-settings=\"{&quot;type&quot;:&quot;infinite&quot;,&quot;scroll&quot;:false,&quot;speed&quot;:70,&quot;pauseOnHover&quot;:true,&quot;dir&quot;:&quot;horizontal&quot;,&quot;reverse&quot;:&quot;normal&quot;,&quot;renderEvent&quot;:&quot;scroll&quot;}\">\n\n\t\t\t<div style=\"visibility:hidden;\" class=\"premium-adv-carousel__inner-container\">\n\n\t\t\t\t<div class=\"premium-adv-carousel__items\">\n\n\t\t\t\t\t\t\t\t<div class=\"premium-adv-carousel__item-outer-wrapper\">\n\t\t\t\t<div class=\"elementor-repeater-item-f2ad556 premium-adv-carousel__item premium-adv-carousel__item-image\">\n\t\t\t\t\t<div class=\"premium-adv-carousel__media-wrap\">\n\t\t\t\t\t\t\t\t\t\t\t\t\t\t<img decoding=\"async\" data-src=\"https:\/\/www.coopsalelles.com\/wp-content\/uploads\/2024\/07\/cebada-granel.jpg\" alt=\"cebada-granel\" class=\"premium-adv-carousel__item-img lazyload\" src=\"data:image\/gif;base64,R0lGODlhAQABAAAAACH5BAEKAAEALAAAAAABAAEAAAICTAEAOw==\" style=\"--smush-placeholder-width: 1400px; --smush-placeholder-aspect-ratio: 1400\/976;\"><noscript><img decoding=\"async\" src=\"https:\/\/www.coopsalelles.com\/wp-content\/uploads\/2024\/07\/cebada-granel.jpg\" alt=\"cebada-granel\" class=\"premium-adv-carousel__item-img \"><\/noscript>\n\t\t\t\t\t\t\t<a class=\"premium-adv-carousel__item-link\" href=\"https:\/\/www.coopsalelles.com\/es\/cebada\/\" ><\/a>\t\t\t\t\t<\/div>\n\n\t\t\t\t\t\n\t\t\t\t\t\t\t\t\t\t\t<div class=\"premium-adv-carousel__media-info-wrap\">\n\t\t\t\t\t\t\t\t\t\t\t\t\t\t\t\t<span class=\"premium-adv-carousel__media-title\">Orge<\/span>\n\t\t\t\t\t\t\t\t\t\t\t\t\t\t<\/div>\n\t\t\t\t\t\t\t\t\t\t<\/div>\n\t\t\t<\/div>\n\t\t\t\t\t\t<div class=\"premium-adv-carousel__item-outer-wrapper\">\n\t\t\t\t<div class=\"elementor-repeater-item-f6f5628 premium-adv-carousel__item premium-adv-carousel__item-image\">\n\t\t\t\t\t<div class=\"premium-adv-carousel__media-wrap\">\n\t\t\t\t\t\t\t\t\t\t\t\t\t\t<img decoding=\"async\" data-src=\"https:\/\/www.coopsalelles.com\/wp-content\/uploads\/2024\/07\/trigo-granel.jpg\" alt=\"trigo-granel\" class=\"premium-adv-carousel__item-img lazyload\" src=\"data:image\/gif;base64,R0lGODlhAQABAAAAACH5BAEKAAEALAAAAAABAAEAAAICTAEAOw==\" style=\"--smush-placeholder-width: 1800px; --smush-placeholder-aspect-ratio: 1800\/1200;\"><noscript><img decoding=\"async\" src=\"https:\/\/www.coopsalelles.com\/wp-content\/uploads\/2024\/07\/trigo-granel.jpg\" alt=\"trigo-granel\" class=\"premium-adv-carousel__item-img \"><\/noscript>\n\t\t\t\t\t\t\t<a class=\"premium-adv-carousel__item-link\" href=\"https:\/\/www.coopsalelles.com\/es\/trigo\" ><\/a>\t\t\t\t\t<\/div>\n\n\t\t\t\t\t\n\t\t\t\t\t\t\t\t\t\t\t<div class=\"premium-adv-carousel__media-info-wrap\">\n\t\t\t\t\t\t\t\t\t\t\t\t\t\t\t\t<span class=\"premium-adv-carousel__media-title\">Bl\u00e9<\/span>\n\t\t\t\t\t\t\t\t\t\t\t\t\t\t<\/div>\n\t\t\t\t\t\t\t\t\t\t<\/div>\n\t\t\t<\/div>\n\t\t\t\t\t\t<div class=\"premium-adv-carousel__item-outer-wrapper\">\n\t\t\t\t<div class=\"elementor-repeater-item-5c06f6b premium-adv-carousel__item premium-adv-carousel__item-image\">\n\t\t\t\t\t<div class=\"premium-adv-carousel__media-wrap\">\n\t\t\t\t\t\t\t\t\t\t\t\t\t\t<img decoding=\"async\" data-src=\"https:\/\/www.coopsalelles.com\/wp-content\/uploads\/2024\/07\/maiz-granel.jpg\" alt=\"maiz-granel\" class=\"premium-adv-carousel__item-img lazyload\" src=\"data:image\/gif;base64,R0lGODlhAQABAAAAACH5BAEKAAEALAAAAAABAAEAAAICTAEAOw==\" style=\"--smush-placeholder-width: 1800px; --smush-placeholder-aspect-ratio: 1800\/983;\"><noscript><img decoding=\"async\" src=\"https:\/\/www.coopsalelles.com\/wp-content\/uploads\/2024\/07\/maiz-granel.jpg\" alt=\"maiz-granel\" class=\"premium-adv-carousel__item-img \"><\/noscript>\n\t\t\t\t\t\t\t<a class=\"premium-adv-carousel__item-link\" href=\"https:\/\/www.coopsalelles.com\/es\/maiz\" ><\/a>\t\t\t\t\t<\/div>\n\n\t\t\t\t\t\n\t\t\t\t\t\t\t\t\t\t\t<div class=\"premium-adv-carousel__media-info-wrap\">\n\t\t\t\t\t\t\t\t\t\t\t\t\t\t\t\t<span class=\"premium-adv-carousel__media-title\">Ma\u00efs<\/span>\n\t\t\t\t\t\t\t\t\t\t\t\t\t\t<\/div>\n\t\t\t\t\t\t\t\t\t\t<\/div>\n\t\t\t<\/div>\n\t\t\t\t\t\t<div class=\"premium-adv-carousel__item-outer-wrapper\">\n\t\t\t\t<div class=\"elementor-repeater-item-ca8032c premium-adv-carousel__item premium-adv-carousel__item-image\">\n\t\t\t\t\t<div class=\"premium-adv-carousel__media-wrap\">\n\t\t\t\t\t\t\t\t\t\t\t\t\t\t<img decoding=\"async\" data-src=\"https:\/\/www.coopsalelles.com\/wp-content\/uploads\/2024\/07\/avena.jpg\" alt=\"avena\" class=\"premium-adv-carousel__item-img lazyload\" src=\"data:image\/gif;base64,R0lGODlhAQABAAAAACH5BAEKAAEALAAAAAABAAEAAAICTAEAOw==\" style=\"--smush-placeholder-width: 1800px; --smush-placeholder-aspect-ratio: 1800\/1201;\"><noscript><img decoding=\"async\" src=\"https:\/\/www.coopsalelles.com\/wp-content\/uploads\/2024\/07\/avena.jpg\" alt=\"avena\" class=\"premium-adv-carousel__item-img \"><\/noscript>\n\t\t\t\t\t\t\t<a class=\"premium-adv-carousel__item-link\" href=\"https:\/\/www.coopsalelles.com\/es\/avena\" target=_blank><\/a>\t\t\t\t\t<\/div>\n\n\t\t\t\t\t\n\t\t\t\t\t\t\t\t\t\t\t<div class=\"premium-adv-carousel__media-info-wrap\">\n\t\t\t\t\t\t\t\t\t\t\t\t\t\t\t\t<span class=\"premium-adv-carousel__media-title\">Gruau<\/span>\n\t\t\t\t\t\t\t\t\t\t\t\t\t\t<\/div>\n\t\t\t\t\t\t\t\t\t\t<\/div>\n\t\t\t<\/div>\n\t\t\t\t\t\t<div class=\"premium-adv-carousel__item-outer-wrapper\">\n\t\t\t\t<div class=\"elementor-repeater-item-650379e premium-adv-carousel__item premium-adv-carousel__item-image\">\n\t\t\t\t\t<div class=\"premium-adv-carousel__media-wrap\">\n\t\t\t\t\t\t\t\t\t\t\t\t\t\t<img decoding=\"async\" data-src=\"https:\/\/www.coopsalelles.com\/wp-content\/uploads\/2024\/07\/guisantes.jpg\" alt=\"guisantes\" class=\"premium-adv-carousel__item-img lazyload\" src=\"data:image\/gif;base64,R0lGODlhAQABAAAAACH5BAEKAAEALAAAAAABAAEAAAICTAEAOw==\" style=\"--smush-placeholder-width: 2000px; --smush-placeholder-aspect-ratio: 2000\/1333;\"><noscript><img decoding=\"async\" src=\"https:\/\/www.coopsalelles.com\/wp-content\/uploads\/2024\/07\/guisantes.jpg\" alt=\"guisantes\" class=\"premium-adv-carousel__item-img \"><\/noscript>\n\t\t\t\t\t\t\t<a class=\"premium-adv-carousel__item-link\" href=\"https:\/\/www.coopsalelles.com\/es\/guisantes\" ><\/a>\t\t\t\t\t<\/div>\n\n\t\t\t\t\t\n\t\t\t\t\t\t\t\t\t\t\t<div class=\"premium-adv-carousel__media-info-wrap\">\n\t\t\t\t\t\t\t\t\t\t\t\t\t\t\t\t<span class=\"premium-adv-carousel__media-title\">Petits pois<\/span>\n\t\t\t\t\t\t\t\t\t\t\t\t\t\t<\/div>\n\t\t\t\t\t\t\t\t\t\t<\/div>\n\t\t\t<\/div>\n\t\t\t\t\t\t<div class=\"premium-adv-carousel__item-outer-wrapper\">\n\t\t\t\t<div class=\"elementor-repeater-item-d22e396 premium-adv-carousel__item premium-adv-carousel__item-image\">\n\t\t\t\t\t<div class=\"premium-adv-carousel__media-wrap\">\n\t\t\t\t\t\t\t\t\t\t\t\t\t\t<img decoding=\"async\" data-src=\"https:\/\/www.coopsalelles.com\/wp-content\/uploads\/2024\/07\/habas.jpg\" alt=\"habas\" class=\"premium-adv-carousel__item-img lazyload\" src=\"data:image\/gif;base64,R0lGODlhAQABAAAAACH5BAEKAAEALAAAAAABAAEAAAICTAEAOw==\" style=\"--smush-placeholder-width: 1800px; --smush-placeholder-aspect-ratio: 1800\/1200;\"><noscript><img decoding=\"async\" src=\"https:\/\/www.coopsalelles.com\/wp-content\/uploads\/2024\/07\/habas.jpg\" alt=\"habas\" class=\"premium-adv-carousel__item-img \"><\/noscript>\n\t\t\t\t\t\t\t<a class=\"premium-adv-carousel__item-link\" href=\"https:\/\/www.coopsalelles.com\/es\/habas\" ><\/a>\t\t\t\t\t<\/div>\n\n\t\t\t\t\t\n\t\t\t\t\t\t\t\t\t\t\t<div class=\"premium-adv-carousel__media-info-wrap\">\n\t\t\t\t\t\t\t\t\t\t\t\t\t\t\t\t<span class=\"premium-adv-carousel__media-title\">F\u00e8ves<\/span>\n\t\t\t\t\t\t\t\t\t\t\t\t\t\t<\/div>\n\t\t\t\t\t\t\t\t\t\t<\/div>\n\t\t\t<\/div>\n\t\t\t\t\t\t<div class=\"premium-adv-carousel__item-outer-wrapper\">\n\t\t\t\t<div class=\"elementor-repeater-item-950ba79 premium-adv-carousel__item premium-adv-carousel__item-image\">\n\t\t\t\t\t<div class=\"premium-adv-carousel__media-wrap\">\n\t\t\t\t\t\t\t\t\t\t\t\t\t\t<img decoding=\"async\" data-src=\"https:\/\/www.coopsalelles.com\/wp-content\/uploads\/2024\/07\/alfalfa.jpg\" alt=\"alfalfa\" class=\"premium-adv-carousel__item-img lazyload\" src=\"data:image\/gif;base64,R0lGODlhAQABAAAAACH5BAEKAAEALAAAAAABAAEAAAICTAEAOw==\" style=\"--smush-placeholder-width: 1800px; --smush-placeholder-aspect-ratio: 1800\/1013;\"><noscript><img decoding=\"async\" src=\"https:\/\/www.coopsalelles.com\/wp-content\/uploads\/2024\/07\/alfalfa.jpg\" alt=\"alfalfa\" class=\"premium-adv-carousel__item-img \"><\/noscript>\n\t\t\t\t\t\t\t<a class=\"premium-adv-carousel__item-link\" href=\"https:\/\/www.coopsalelles.com\/es\/alfalfa\" ><\/a>\t\t\t\t\t<\/div>\n\n\t\t\t\t\t\n\t\t\t\t\t\t\t\t\t\t\t<div class=\"premium-adv-carousel__media-info-wrap\">\n\t\t\t\t\t\t\t\t\t\t\t\t\t\t\t\t<span class=\"premium-adv-carousel__media-title\">Luzerne<\/span>\n\t\t\t\t\t\t\t\t\t\t\t\t\t\t<\/div>\n\t\t\t\t\t\t\t\t\t\t<\/div>\n\t\t\t<\/div>\n\t\t\t\t\t\t<div class=\"premium-adv-carousel__item-outer-wrapper\">\n\t\t\t\t<div class=\"elementor-repeater-item-3987488 premium-adv-carousel__item premium-adv-carousel__item-image\">\n\t\t\t\t\t<div class=\"premium-adv-carousel__media-wrap\">\n\t\t\t\t\t\t\t\t\t\t\t\t\t\t<img decoding=\"async\" data-src=\"https:\/\/www.coopsalelles.com\/wp-content\/uploads\/2024\/07\/paja.jpg\" alt=\"paja\" class=\"premium-adv-carousel__item-img lazyload\" src=\"data:image\/gif;base64,R0lGODlhAQABAAAAACH5BAEKAAEALAAAAAABAAEAAAICTAEAOw==\" style=\"--smush-placeholder-width: 1400px; --smush-placeholder-aspect-ratio: 1400\/937;\"><noscript><img decoding=\"async\" src=\"https:\/\/www.coopsalelles.com\/wp-content\/uploads\/2024\/07\/paja.jpg\" alt=\"paja\" class=\"premium-adv-carousel__item-img \"><\/noscript>\n\t\t\t\t\t\t\t<a class=\"premium-adv-carousel__item-link\" href=\"https:\/\/www.coopsalelles.com\/es\/paja\" ><\/a>\t\t\t\t\t<\/div>\n\n\t\t\t\t\t\n\t\t\t\t\t\t\t\t\t\t\t<div class=\"premium-adv-carousel__media-info-wrap\">\n\t\t\t\t\t\t\t\t\t\t\t\t\t\t\t\t<span class=\"premium-adv-carousel__media-title\">Paille<\/span>\n\t\t\t\t\t\t\t\t\t\t\t\t\t\t<\/div>\n\t\t\t\t\t\t\t\t\t\t<\/div>\n\t\t\t<\/div>\n\t\t\t\t\t\t\t<\/div>\n\t\t\t<\/div>\n\t\t<\/div>\n\t\t\t\t<\/div>\n\t\t\t\t<\/div>\n\t\t\t\t\t<\/div>\n\t\t<\/div>\n\t\t\t\t\t<\/div>\n\t\t<\/section>\n\t\t\t\t<\/div>\n\t\t","protected":false},"excerpt":{"rendered":"<p>C\u00e9r\u00e9ales de ma\u00efs. Le ma\u00efs a une teneur \u00e9lev\u00e9e en amidon, il est utilis\u00e9 principalement pour nourrir les oiseaux, les porcs et le b\u00e9tail, avec une valeur \u00e9nerg\u00e9tique \u00e9lev\u00e9e. Aliment de ma\u00efs personnalis\u00e9. La formule alimentaire peut \u00eatre adapt\u00e9e aux besoins de chaque exploitation. Les composants et ingr\u00e9dients, ainsi que les quantit\u00e9s du m\u00e9lange, peuvent [&hellip;]<\/p>\n","protected":false},"author":4,"featured_media":0,"parent":0,"menu_order":0,"comment_status":"closed","ping_status":"closed","template":"","meta":{"_monsterinsights_skip_tracking":false,"_monsterinsights_sitenote_active":false,"_monsterinsights_sitenote_note":"","_monsterinsights_sitenote_category":0,"ocean_post_layout":"","ocean_both_sidebars_style":"","ocean_both_sidebars_content_width":0,"ocean_both_sidebars_sidebars_width":0,"ocean_sidebar":"0","ocean_second_sidebar":"0","ocean_disable_margins":"enable","ocean_add_body_class":"","ocean_shortcode_before_top_bar":"","ocean_shortcode_after_top_bar":"","ocean_shortcode_before_header":"","ocean_shortcode_after_header":"","ocean_has_shortcode":"","ocean_shortcode_after_title":"","ocean_shortcode_before_footer_widgets":"","ocean_shortcode_after_footer_widgets":"","ocean_shortcode_before_footer_bottom":"","ocean_shortcode_after_footer_bottom":"","ocean_display_top_bar":"default","ocean_display_header":"default","ocean_header_style":"","ocean_center_header_left_menu":"0","ocean_custom_header_template":"0","ocean_custom_logo":0,"ocean_custom_retina_logo":0,"ocean_custom_logo_max_width":0,"ocean_custom_logo_tablet_max_width":0,"ocean_custom_logo_mobile_max_width":0,"ocean_custom_logo_max_height":0,"ocean_custom_logo_tablet_max_height":0,"ocean_custom_logo_mobile_max_height":0,"ocean_header_custom_menu":"0","ocean_menu_typo_font_family":"0","ocean_menu_typo_font_subset":"","ocean_menu_typo_font_size":0,"ocean_menu_typo_font_size_tablet":0,"ocean_menu_typo_font_size_mobile":0,"ocean_menu_typo_font_size_unit":"px","ocean_menu_typo_font_weight":"","ocean_menu_typo_font_weight_tablet":"","ocean_menu_typo_font_weight_mobile":"","ocean_menu_typo_transform":"","ocean_menu_typo_transform_tablet":"","ocean_menu_typo_transform_mobile":"","ocean_menu_typo_line_height":0,"ocean_menu_typo_line_height_tablet":0,"ocean_menu_typo_line_height_mobile":0,"ocean_menu_typo_line_height_unit":"","ocean_menu_typo_spacing":0,"ocean_menu_typo_spacing_tablet":0,"ocean_menu_typo_spacing_mobile":0,"ocean_menu_typo_spacing_unit":"","ocean_menu_link_color":"","ocean_menu_link_color_hover":"","ocean_menu_link_color_active":"","ocean_menu_link_background":"","ocean_menu_link_hover_background":"","ocean_menu_link_active_background":"","ocean_menu_social_links_bg":"","ocean_menu_social_hover_links_bg":"","ocean_menu_social_links_color":"","ocean_menu_social_hover_links_color":"","ocean_disable_title":"default","ocean_disable_heading":"default","ocean_post_title":"","ocean_post_subheading":"","ocean_post_title_style":"background-image","ocean_post_title_background_color":"","ocean_post_title_background":8823,"ocean_post_title_bg_image_position":"center center","ocean_post_title_bg_image_attachment":"","ocean_post_title_bg_image_repeat":"","ocean_post_title_bg_image_size":"","ocean_post_title_height":0,"ocean_post_title_bg_overlay":0.5,"ocean_post_title_bg_overlay_color":"","ocean_disable_breadcrumbs":"default","ocean_breadcrumbs_color":"","ocean_breadcrumbs_separator_color":"","ocean_breadcrumbs_links_color":"","ocean_breadcrumbs_links_hover_color":"","ocean_display_footer_widgets":"default","ocean_display_footer_bottom":"default","ocean_custom_footer_template":"0","_joinchat":[],"footnotes":""},"class_list":["post-8822","page","type-page","status-publish","hentry","entry"],"acf":[],"_links":{"self":[{"href":"https:\/\/www.coopsalelles.com\/fr\/wp-json\/wp\/v2\/pages\/8822","targetHints":{"allow":["GET"]}}],"collection":[{"href":"https:\/\/www.coopsalelles.com\/fr\/wp-json\/wp\/v2\/pages"}],"about":[{"href":"https:\/\/www.coopsalelles.com\/fr\/wp-json\/wp\/v2\/types\/page"}],"author":[{"embeddable":true,"href":"https:\/\/www.coopsalelles.com\/fr\/wp-json\/wp\/v2\/users\/4"}],"replies":[{"embeddable":true,"href":"https:\/\/www.coopsalelles.com\/fr\/wp-json\/wp\/v2\/comments?post=8822"}],"version-history":[{"count":3,"href":"https:\/\/www.coopsalelles.com\/fr\/wp-json\/wp\/v2\/pages\/8822\/revisions"}],"predecessor-version":[{"id":9349,"href":"https:\/\/www.coopsalelles.com\/fr\/wp-json\/wp\/v2\/pages\/8822\/revisions\/9349"}],"wp:attachment":[{"href":"https:\/\/www.coopsalelles.com\/fr\/wp-json\/wp\/v2\/media?parent=8822"}],"curies":[{"name":"wp","href":"https:\/\/api.w.org\/{rel}","templated":true}]}}